{"id":49,"date":"2018-02-08T13:00:39","date_gmt":"2018-02-08T13:00:39","guid":{"rendered":"http:\/\/apbcboxing.com\/?page_id=49"},"modified":"2019-05-28T13:41:53","modified_gmt":"2019-05-28T13:41:53","slug":"about-the-apbc","status":"publish","type":"page","link":"https:\/\/apbcboxing.com\/?page_id=49","title":{"rendered":"APBC \u2013 Association of Professional Boxing Commissions (English\/Espa\u00f1ol\/Portugu\u00eas)"},"content":{"rendered":"<p><img loading=\"lazy\" decoding=\"async\" class=\"size-medium wp-image-22 aligncenter\" src=\"https:\/\/apbcboxing.com\/wp-content\/uploads\/2018\/02\/APBCLogo2-300x300.png\" alt=\"\" width=\"300\" height=\"300\" srcset=\"https:\/\/apbcboxing.com\/wp-content\/uploads\/2018\/02\/APBCLogo2-300x300.png 300w, https:\/\/apbcboxing.com\/wp-content\/uploads\/2018\/02\/APBCLogo2-150x150.png 150w, https:\/\/apbcboxing.com\/wp-content\/uploads\/2018\/02\/APBCLogo2-768x770.png 768w, https:\/\/apbcboxing.com\/wp-content\/uploads\/2018\/02\/APBCLogo2-1021x1024.png 1021w\" sizes=\"auto, (max-width: 300px) 100vw, 300px\" \/><\/p>\n<p>The APBC is a Non-Governmental Organisation (NGO) through which the Commissions that regulate the Sport of Professional Boxing World-wide are able to cooperate and discuss, as well as introduce regulations for the betterment of the Sport and those that compete, especially within the realms of Licensing and Medical Standards, Ringside Health &amp; Safety, Sanctioning and Competition Rules &amp; Regulations.<\/p>\n<p>Whilst full membership to the APBC is limited to Professional Boxing Commissions, Associate Membership to the APBC is open to all license holders from the World of Professional Boxing, whether an Official, Manager, Promoter, Matchmaker, Coach or Boxer as well as and Championship Boxing Organizations and Boxing Equipment manufacturers etc as we feel that their input is vitally important, especially within the realm of regulation and health and safety.<\/p>\n<p><strong>APBC<\/strong> es una Organizaci\u00f3n No Gubernamental (ONG) a trav\u00e9s de la cual las Comisiones que regulan el Deporte de Boxeo Profesional en todo el mundo pueden cooperar y debatir, as\u00ed como introducir regulaciones para el mejoramiento del Deporte y aquellas que compiten, especialmente dentro de las normas y reglamentos de licencia y normas m\u00e9dicas, Ringside Health &amp; Safety, sanciones y normas de competencia.<\/p>\n<p>Si bien la membres\u00eda completa al APBC est\u00e1 limitada a las Comisiones de Boxeo Profesional, la Membres\u00eda Asociada al APBC est\u00e1 abierta a todos los titulares de licencias del Mundo del Boxeo Profesional, ya sea un Oficial, Gerente, Promotor, Matchmaker, Entrenador o Boxeador, as\u00ed como un Boxeo de Campeonato. Organizaciones, fabricantes de equipos de boxeo, etc., ya que consideramos que su aportaci\u00f3n es de vital importancia, especialmente en el \u00e1mbito de la regulaci\u00f3n, la salud y la seguridad.<br \/>\nFuente: <a href=\"https:\/\/apbcboxing.com\/\" target=\"_blank\" rel=\"noopener noreferrer\">https:\/\/apbcboxing.com\/<\/a><\/p>\n<div class=\"entry-content\">\n<p><strong>A APBC<\/strong> \u00e9 uma Organiza\u00e7\u00e3o N\u00e3o-Governamental (ONG) atrav\u00e9s da qual as Comiss\u00f5es que regulam o Esporte de Boxe Profissional em todo o mundo s\u00e3o capazes de cooperar e discutir, bem como introduzir regulamentos para a melhoria do Esporte e aqueles que competem, especialmente dentro os dom\u00ednios de Licenciamento e Padr\u00f5es M\u00e9dicos, Sa\u00fade e Seguran\u00e7a do Ringside, Regras e Regulamentos de Sancionamento e Competi\u00e7\u00e3o.<\/p>\n<p>Embora a ades\u00e3o plena \u00e0 APBC seja limitada a Comiss\u00f5es de Boxe Profissional, a Associa\u00e7\u00e3o Associada \u00e0 APBC est\u00e1 aberta a todos os portadores de licen\u00e7a do Mundo de Boxe Profissional, seja Oficial, Gerente, Promotor, Matchmaker, Treinador ou Boxeador, bem como e Campeonato de Boxe Organiza\u00e7\u00f5es e fabricantes de equipamentos de boxe, etc, como sentimos que a sua entrada \u00e9 de vital import\u00e2ncia, especialmente dentro do dom\u00ednio da regula\u00e7\u00e3o e sa\u00fade e seguran\u00e7a.<br \/>\nFonte: <a href=\"https:\/\/apbcboxing.com\/\" target=\"_blank\" rel=\"noopener noreferrer\">https:\/\/apbcboxing.com\/<\/a><\/p>\n<\/div>\n","protected":false},"excerpt":{"rendered":"<p>The APBC is a Non-Governmental Organisation (NGO) through which the Commissions that regulate the Sport of Professional Boxing World-wide are<\/p>\n<p><a href=\"https:\/\/apbcboxing.com\/?page_id=49\" class=\"more-link\">Continue reading<span class=\"screen-reader-text\">APBC \u2013 Association of Professional Boxing Commissions (English\/Espa\u00f1ol\/Portugu\u00eas)<\/span><\/a><\/p>\n","protected":false},"author":2,"featured_media":0,"parent":8,"menu_order":2,"comment_status":"closed","ping_status":"closed","template":"","meta":{"footnotes":""},"class_list":["post-49","page","type-page","status-publish","hentry"],"_links":{"self":[{"href":"https:\/\/apbcboxing.com\/index.php?rest_route=\/wp\/v2\/pages\/49","targetHints":{"allow":["GET"]}}],"collection":[{"href":"https:\/\/apbcboxing.com\/index.php?rest_route=\/wp\/v2\/pages"}],"about":[{"href":"https:\/\/apbcboxing.com\/index.php?rest_route=\/wp\/v2\/types\/page"}],"author":[{"embeddable":true,"href":"https:\/\/apbcboxing.com\/index.php?rest_route=\/wp\/v2\/users\/2"}],"replies":[{"embeddable":true,"href":"https:\/\/apbcboxing.com\/index.php?rest_route=%2Fwp%2Fv2%2Fcomments&post=49"}],"version-history":[{"count":6,"href":"https:\/\/apbcboxing.com\/index.php?rest_route=\/wp\/v2\/pages\/49\/revisions"}],"predecessor-version":[{"id":672,"href":"https:\/\/apbcboxing.com\/index.php?rest_route=\/wp\/v2\/pages\/49\/revisions\/672"}],"up":[{"embeddable":true,"href":"https:\/\/apbcboxing.com\/index.php?rest_route=\/wp\/v2\/pages\/8"}],"wp:attachment":[{"href":"https:\/\/apbcboxing.com\/index.php?rest_route=%2Fwp%2Fv2%2Fmedia&parent=49"}],"curies":[{"name":"wp","href":"https:\/\/api.w.org\/{rel}","templated":true}]}}